{"id":1515,"date":"2026-01-06T15:42:42","date_gmt":"2026-01-06T15:42:42","guid":{"rendered":"https:\/\/abarte.nl\/ls\/?page_id=1515"},"modified":"2026-01-21T14:19:09","modified_gmt":"2026-01-21T14:19:09","slug":"260125-2","status":"publish","type":"page","link":"https:\/\/abarte.nl\/ls\/260125-2\/","title":{"rendered":"260125"},"content":{"rendered":"\n<div class=\"wp-block-columns is-layout-flex wp-container-core-columns-is-layout-28f84493 wp-block-columns-is-layout-flex\">\n<div class=\"wp-block-column is-layout-flow wp-block-column-is-layout-flow\" style=\"flex-basis:66.66%\">\n<p><strong>25 januari 2026: jaar A &#8211; derde na epifanie (wit of groen)&nbsp;&nbsp;&nbsp;&nbsp;&nbsp;&nbsp;&nbsp; <a href=\"https:\/\/www.theologie.nl\/dienstboek-i-schrift-maaltijd-gebed\/\">[DIENSTBOEK: 58-61]<\/a><\/strong><\/p>\n\n\n\n<p><strong><a href=\"https:\/\/abarte.nl\/ls\/260118\">&lt;- VORIGE<\/a>&nbsp;&nbsp;&nbsp;&nbsp;&nbsp;&nbsp;&nbsp;&nbsp;&nbsp;&nbsp;&nbsp;&nbsp;&nbsp;&nbsp;&nbsp;&nbsp;&nbsp;&nbsp;&nbsp;&nbsp;&nbsp;&nbsp;&nbsp;&nbsp;&nbsp;&nbsp;&nbsp;&nbsp;&nbsp;&nbsp;&nbsp;&nbsp;&nbsp;&nbsp;&nbsp;&nbsp;&nbsp;&nbsp;&nbsp;&nbsp;&nbsp; <a href=\"https:\/\/abarte.nl\/ls\/index26\">INDEX<\/a>&nbsp;&nbsp;&nbsp;&nbsp;&nbsp;&nbsp;&nbsp;&nbsp;&nbsp;&nbsp;&nbsp;&nbsp;&nbsp;&nbsp;&nbsp;&nbsp;&nbsp;&nbsp;&nbsp;&nbsp;&nbsp;&nbsp;&nbsp;&nbsp;&nbsp;&nbsp;&nbsp;&nbsp;&nbsp;&nbsp;&nbsp;&nbsp;&nbsp;&nbsp;&nbsp;&nbsp;&nbsp;&nbsp; <a href=\"https:\/\/abarte.nl\/ls\/260201\">VOLGENDE -&gt;<\/a><\/strong><\/p>\n\n\n\n<p><strong><em>gemeenschappelijk leesrooster met liedsuggesties<\/em><\/strong><\/p>\n\n\n\n<figure class=\"wp-block-table\"><table class=\"has-fixed-layout\"><tbody><tr><td class=\"has-text-align-left\" data-align=\"left\">intro\u00eftus (+<a href=\"https:\/\/www.liedboekcompendium.nl\/overzichtsartikel\/9-intro-tusantifoon\">antifoon<\/a>)<\/td><td class=\"has-text-align-left\" data-align=\"left\">Psalm 67<\/td><td class=\"has-text-align-left\" data-align=\"left\"><a href=\"https:\/\/www.liedboekcompendium.nl\/lied\/66-breek-aarde-uit-in-jubelzangen-6_6\">66<\/a> + <a><\/a><a href=\"https:\/\/www.liedboekcompendium.nl\/lied\/514b-heel-de-aarde-zal-u-aanbidden-1_2_0_3\">514b<\/a>, <a href=\"https:\/\/www.liedboekcompendium.nl\/lied\/66b-jubel-aarde-prijs-god-luid-1_4_6_7\">66b<\/a>, <a href=\"https:\/\/www.liedboekcompendium.nl\/lied\/67-god-zij-ons-gunstig-en-genadig-6_7\">67<\/a> + <a href=\"https:\/\/www.liedboekcompendium.nl\/lied\/514c-god-wees-ons-genadig-1_2_0_4\">514c<\/a>, <a href=\"https:\/\/www.liedboekcompendium.nl\/lied\/67a-heel-de-aarde-jubelt-en-juicht-voor-de-heer-1_2_3_8\">67a<\/a>&nbsp;<\/td><\/tr><tr><td class=\"has-text-align-left\" data-align=\"left\">eerste lezing<\/td><td class=\"has-text-align-left\" data-align=\"left\">Jesaja 49,1-7 <br><br>[Jesaja 9,1-4]<\/td><td class=\"has-text-align-left\" data-align=\"left\"><a href=\"https:\/\/www.liedboekcompendium.nl\/lied\/27-mijn-licht-mijn-heil-is-hij-mijn-god-en-here-2_7\">27<\/a>, <a href=\"https:\/\/www.liedboekcompendium.nl\/lied\/97-groot-koning-is-de-heer-9_7\">97<\/a>, <a href=\"https:\/\/www.liedboekcompendium.nl\/lied\/139-heer-die-mij-ziet-zoals-ik-ben-1_3_9\">139<\/a>(1-6), <a href=\"https:\/\/www.liedboekcompendium.nl\/lied\/139a-gij-kent-mij-heer-leer-mij-u-kennen-1_0_0_7\">139a<\/a>, <a href=\"https:\/\/www.liedboekcompendium.nl\/lied\/139b-heer-u-doorgrondt-en-kent-mij-1_0_0_8\">139b<\/a>, <a href=\"https:\/\/www.liedboekcompendium.nl\/lied\/459-ik-breng-een-rechter-aan-het-licht-4_2_8\">459<\/a>, <a href=\"https:\/\/www.liedboekcompendium.nl\/lied\/780-in-de-schoot-van-mijn-moeder-geweven-7_4_0\">780<\/a>&nbsp;<br><a href=\"https:\/\/www.liedboekcompendium.nl\/lied\/27-mijn-licht-mijn-heil-is-hij-mijn-god-en-here-2_7\">27<\/a>, <a href=\"https:\/\/www.liedboekcompendium.nl\/lied\/97-groot-koning-is-de-heer-9_7\">97<\/a>, <a href=\"https:\/\/www.liedboekcompendium.nl\/lied\/444-nu-daagt-het-in-het-oosten-4_1_4\">444<\/a>, <a href=\"https:\/\/www.liedboekcompendium.nl\/lied\/445-de-nacht-is-haast-ten-einde-4_1_5\">445<\/a>, <a href=\"https:\/\/www.liedboekcompendium.nl\/lied\/448-het-volk-dat-wandelt-in-het-duister-4_1_8\">448<\/a>, <a href=\"https:\/\/www.liedboekcompendium.nl\/lied\/449-in-de-duisternis-verwachten-wij-het-licht-4_1_9\">449<\/a>, <a href=\"https:\/\/www.liedboekcompendium.nl\/lied\/454-de-mensen-die-gaan-in-het-duister-4_2_4\">454<\/a>, <a href=\"https:\/\/www.liedboekcompendium.nl\/lied\/460-de-nacht-loopt-ten-einde-4_2_9\">460<\/a>, <a href=\"https:\/\/www.liedboekcompendium.nl\/lied\/482-er-is-uit-s-werelds-duistere-wolken-4_5_0\">482<\/a> (WV 228)<\/td><\/tr><tr><td class=\"has-text-align-left\" data-align=\"left\"><a href=\"https:\/\/www.liedboekcompendium.nl\/overzichtsartikel\/4-antwoordpsalm\">antwoordpsalm<\/a><\/td><td class=\"has-text-align-left\" data-align=\"left\">Psalm 139,1-12 &nbsp; <br><br>[Psalm 27]<\/td><td class=\"has-text-align-left\" data-align=\"left\"><a href=\"https:\/\/www.liedboekcompendium.nl\/lied\/27a-de-heer-is-mijn-licht-1_0_6_7\">27a<\/a>, <a href=\"https:\/\/www.liedboekcompendium.nl\/lied\/27b-de-heer-is-mijn-licht-en-mijn-heil-1_0_6_8\">27b<\/a>, <a href=\"https:\/\/www.liedboekcompendium.nl\/lied\/27c-uw-nabijheid-wil-ik-zoeken-1_4_2_8\">27c<\/a>, <a href=\"https:\/\/www.liedboekcompendium.nl\/lied\/139c-ontwaak-ik-nog-ben-ik-bij-u-1_0_0_9\">139c<\/a>, <a href=\"https:\/\/www.liedboekcompendium.nl\/lied\/139d-la-t-n-bre-n-est-point-t-n-bre-1_0_1_0\">139d<\/a> (+ gesproken), GvL 139 <br><a href=\"https:\/\/www.liedboekcompendium.nl\/lied\/27a-de-heer-is-mijn-licht-1_0_6_7\">27a<\/a>, <a href=\"https:\/\/www.liedboekcompendium.nl\/lied\/27b-de-heer-is-mijn-licht-en-mijn-heil-1_0_6_8\">27b<\/a>, <a href=\"https:\/\/www.liedboekcompendium.nl\/lied\/27c-uw-nabijheid-wil-ik-zoeken-1_4_2_8\">27c<\/a>&nbsp;<\/td><\/tr><tr><td class=\"has-text-align-left\" data-align=\"left\">epistel<\/td><td class=\"has-text-align-left\" data-align=\"left\">1 Korinti\u00ebrs 1,1-9 <br>[1 Korinti\u00ebrs 1,10-17]<\/td><td class=\"has-text-align-left\" data-align=\"left\"><a><\/a><a><\/a><a href=\"https:\/\/www.liedboekcompendium.nl\/lied\/474-loof-god-gij-christenen-maak-hem-groot-4_4_2\">474<\/a>, <a href=\"https:\/\/www.liedboekcompendium.nl\/lied\/870-heilige-god-geprezen-zij-8_2_9\">870<\/a>, <a href=\"https:\/\/www.liedboekcompendium.nl\/lied\/903-zou-ik-niet-van-harte-zingen-8_6_2\">903<\/a>&nbsp; <a href=\"https:\/\/www.liedboekcompendium.nl\/lied\/474-loof-god-gij-christenen-maak-hem-groot-4_4_2\">474<\/a>, <a href=\"https:\/\/www.liedboekcompendium.nl\/lied\/870-heilige-god-geprezen-zij-8_2_9\">870<\/a>, <a href=\"https:\/\/www.liedboekcompendium.nl\/lied\/903-zou-ik-niet-van-harte-zingen-8_6_2\">903<\/a>&nbsp;<\/td><\/tr><tr><td class=\"has-text-align-left\" data-align=\"left\"><a href=\"https:\/\/www.liedboekcompendium.nl\/overzichtsartikel\/7-halleluja\">hallelujavers<\/a><\/td><td class=\"has-text-align-left\" data-align=\"left\">naar Matte\u00fcs 4,23 <br>Psalm 146,9-10<\/td><td class=\"has-text-align-left\" data-align=\"left\">&nbsp;<\/td><\/tr><tr><td class=\"has-text-align-left\" data-align=\"left\">evangelie<\/td><td class=\"has-text-align-left\" data-align=\"left\">Matte\u00fcs 4,12-[17]23<\/td><td class=\"has-text-align-left\" data-align=\"left\"><a href=\"https:\/\/www.liedboekcompendium.nl\/lied\/119a-uw-woord-omvat-mijn-leven-9_9_0\">119a<\/a>, <a href=\"https:\/\/www.liedboekcompendium.nl\/lied\/448-het-volk-dat-wandelt-in-het-duister-4_1_8\">448<\/a>, <a href=\"https:\/\/www.liedboekcompendium.nl\/lied\/531-jezus-die-langs-het-water-liep-4_9_8\">531<\/a>, <a href=\"https:\/\/www.liedboekcompendium.nl\/lied\/532-de-visser-ging-uit-vissen-4_9_9\">532<\/a>, <a href=\"https:\/\/www.liedboekcompendium.nl\/lied\/533-daar-komt-een-man-uit-nazaret-5_0_0\">533<\/a>, <a href=\"https:\/\/www.liedboekcompendium.nl\/lied\/828-stem-als-een-zee-van-mensen-7_8_8\">828<\/a>, <a href=\"https:\/\/www.liedboekcompendium.nl\/lied\/836-o-heer-die-onze-vader-zijt-7_9_6\">836<\/a>\u00a0<\/td><\/tr><tr><td class=\"has-text-align-left\" data-align=\"left\">overige liederen<\/td><td class=\"has-text-align-left\" data-align=\"left\">&nbsp;<\/td><td class=\"has-text-align-left\" data-align=\"left\"><a><\/a><a href=\"https:\/\/www.liedboekcompendium.nl\/lied\/361-er-heeft-een-stem-gesproken-3_4_3\">361<\/a>, <a href=\"https:\/\/www.liedboekcompendium.nl\/lied\/362-hij-die-gesproken-heeft-een-woord-dat-g-t-3_4_4\">362<\/a>, <a href=\"https:\/\/www.liedboekcompendium.nl\/lied\/513-god-heeft-het-eerste-woord-4_8_1\">513<\/a>, <a><\/a><a><\/a><a href=\"https:\/\/www.liedboekcompendium.nl\/lied\/837-iedereen-zoekt-u-jong-of-oud-7_9_7\">837<\/a>, <a href=\"https:\/\/www.liedboekcompendium.nl\/lied\/941-waarom-moest-ik-uw-stem-verstaan-8_9_9\">941<\/a>&nbsp;<\/td><\/tr><\/tbody><\/table><\/figure>\n\n\n\n<p><strong><em>evangelisch-luthers leesrooster met liedsuggesties<\/em><\/strong><strong><\/strong><\/p>\n\n\n\n<figure class=\"wp-block-table\"><table class=\"has-fixed-layout\"><tbody><tr><td class=\"has-text-align-left\" data-align=\"left\">intro\u00eftus (+<a href=\"https:\/\/www.liedboekcompendium.nl\/overzichtsartikel\/9-intro-tusantifoon\">antifoon<\/a>)<\/td><td class=\"has-text-align-left\" data-align=\"left\">Psalm 67<\/td><td class=\"has-text-align-left\" data-align=\"left\"><a href=\"https:\/\/www.liedboekcompendium.nl\/lied\/67-god-zij-ons-gunstig-en-genadig-6_7\">67<\/a> + <a href=\"https:\/\/www.liedboekcompendium.nl\/lied\/514c-god-wees-ons-genadig-1_2_0_4\">514c<\/a><\/td><\/tr><tr><td class=\"has-text-align-left\" data-align=\"left\">eerste lezing<\/td><td class=\"has-text-align-left\" data-align=\"left\">Jesaja 25,6-9<\/td><td class=\"has-text-align-left\" data-align=\"left\"><a href=\"https:\/\/www.liedboekcompendium.nl\/lied\/97-groot-koning-is-de-heer-9_7\">97<\/a>, <a href=\"https:\/\/www.liedboekcompendium.nl\/lied\/385-de-tafel-van-samen-de-tafel-is-gedekt-3_6_4\">385<\/a>, <a href=\"https:\/\/www.liedboekcompendium.nl\/lied\/451-richt-op-uw-macht-o-here-der-heerscharen-4_2_1\">451<\/a>, <a href=\"https:\/\/www.liedboekcompendium.nl\/lied\/762-de-heer-richt-op-zijn-berg-een-maaltijd-aan-7_2_2\">762<\/a>, <a href=\"https:\/\/www.liedboekcompendium.nl\/lied\/770-de-here-de-heerser-der-aarde-7_3_0\">770<\/a><\/td><\/tr><tr><td class=\"has-text-align-left\" data-align=\"left\"><a href=\"https:\/\/www.liedboekcompendium.nl\/overzichtsartikel\/4-antwoordpsalm\">antwoordpsalm<\/a><\/td><td class=\"has-text-align-left\" data-align=\"left\">Psalm 97<\/td><td class=\"has-text-align-left\" data-align=\"left\"><a href=\"https:\/\/www.liedboekcompendium.nl\/lied\/97-groot-koning-is-de-heer-9_7\">97<\/a>, GvL 97-I\/II&nbsp;&nbsp;<\/td><\/tr><tr><td class=\"has-text-align-left\" data-align=\"left\">epistel<\/td><td class=\"has-text-align-left\" data-align=\"left\">Romeinen 12,16-21<\/td><td class=\"has-text-align-left\" data-align=\"left\"><a href=\"https:\/\/www.liedboekcompendium.nl\/lied\/970-vlammen-zijn-er-vele-9_2_7\">970<\/a>, <a href=\"https:\/\/www.liedboekcompendium.nl\/lied\/974-maak-ons-uw-liefde-god-9_3_1\">974<\/a> (WV 255)<\/td><\/tr><tr><td class=\"has-text-align-left\" data-align=\"left\"><a href=\"https:\/\/www.liedboekcompendium.nl\/overzichtsartikel\/7-halleluja\">hallelujavers<\/a><\/td><td class=\"has-text-align-left\" data-align=\"left\">Psalm 97,1<\/td><td class=\"has-text-align-left\" data-align=\"left\">&nbsp;<\/td><\/tr><tr><td class=\"has-text-align-left\" data-align=\"left\">evangelie<\/td><td class=\"has-text-align-left\" data-align=\"left\">Matte\u00fcs 8,1-13<\/td><td class=\"has-text-align-left\" data-align=\"left\"><a href=\"https:\/\/www.liedboekcompendium.nl\/lied\/534-hij-die-de-blinden-weer-liet-zien-5_0_1\">534<\/a>, <a href=\"https:\/\/www.liedboekcompendium.nl\/lied\/840-lieve-heer-gij-zegt-kom-en-ik-kom-8_0_0\">840<\/a> (WV 256,257)<\/td><\/tr><tr><td class=\"has-text-align-left\" data-align=\"left\">zondagslied<\/td><td class=\"has-text-align-left\" data-align=\"left\">&nbsp;<\/td><td class=\"has-text-align-left\" data-align=\"left\"><a href=\"https:\/\/www.liedboekcompendium.nl\/lied\/837-iedereen-zoekt-u-jong-of-oud-7_9_7\">837<\/a><\/td><\/tr><\/tbody><\/table><\/figure>\n<\/div>\n\n\n\n<div class=\"wp-block-column is-layout-flow wp-block-column-is-layout-flow\" style=\"flex-basis:33.33%\">\n<ul class=\"wp-block-list\">\n<li><em>de liednummers verwijzen naar <strong>Liedboek<\/strong> (2013), <strong>Psalmen anders<\/strong> en soms <strong>Gezangen voor Liturgie<\/strong> (GvL) en <strong>In wind en vuur<\/strong> (WV liederen van Willem Barnard)<\/em><\/li>\n\n\n\n<li><em>klik op liednummers voor achtergrondinformatie en het beluisteren van opnamen<\/em><\/li>\n\n\n\n<li><em>klik op termen voor een nadere toelichting<\/em><\/li>\n\n\n\n<li><em>de liedsuggesties betreffen het eigene van de dag (proprium)<\/em><\/li>\n\n\n\n<li><em>klik <\/em><a href=\"https:\/\/abarte.nl\/ls\/vast\"><em>hier<\/em><\/a><em>voor vaste gezangen (<\/em><a href=\"https:\/\/www.liedboekcompendium.nl\/overzichtsartikel\/12-het-ordinarium-in-het-liedboek\"><em>ordinarium<\/em><\/a><em>) in het algemeen<\/em><\/li>\n\n\n\n<li><em>vaste gezangen specifiek voor deze dag of deze periode:<\/em><\/li>\n<\/ul>\n\n\n\n<figure class=\"wp-block-table\"><table class=\"has-fixed-layout\"><tbody><tr><td class=\"has-text-align-left\" data-align=\"left\"><a href=\"https:\/\/www.liedboekcompendium.nl\/overzichtsartikel\/7-halleluja\">halleluja<\/a> <a href=\"https:\/\/www.liedboekcompendium.nl\/overzichtsartikel\/17-gebedsacclamatie\">gebedsacclamatie<\/a><\/td><td class=\"has-text-align-left\" data-align=\"left\"><a href=\"https:\/\/www.liedboekcompendium.nl\/lied\/338g-halleluja-1_1_0_9\">338g<\/a>, <a href=\"https:\/\/www.liedboekcompendium.nl\/lied\/338h-halleluja-ik-verkondig-u-een-tijding-van-vreugde-1_1_1_0\">338h<\/a> <br><a href=\"https:\/\/www.liedboekcompendium.nl\/lied\/368c-doe-lichten-over-ons-uw-aangezicht-1_1_3_7\">368c<\/a><\/td><\/tr><\/tbody><\/table><\/figure>\n\n\n\n<p><strong><em>vertalingen<\/em><\/strong><\/p>\n\n\n\n<figure class=\"wp-block-table\"><table class=\"has-fixed-layout\"><tbody><tr><td class=\"has-text-align-left\" data-align=\"left\">Jesaja 49,1-7 <br>Jesaja 9,1-4 1 Korinti\u00ebrs 1,1-9 <br>1 Korinti\u00ebrs 1,10-17 Matte\u00fcs 4,12-23<\/td><td class=\"has-text-align-left\" data-align=\"left\"><a href=\"https:\/\/monshouwerstichting.nl\/bij\/jesaja_49_1-7\/\">Jesaja 49,1-7<\/a> <br><a href=\"https:\/\/monshouwerstichting.nl\/bij\/jesaja_9_1-6\/\">Jesaja 9,1-4<\/a> <a href=\"https:\/\/monshouwerstichting.nl\/bij\/1_korintiers_1_1-9\/\">1 Korinti\u00ebrs 1,1-9<\/a> <br><a href=\"https:\/\/monshouwerstichting.nl\/bij\/1_korintiers_1_10-17\/\">1 Korinti\u00ebrs 1,10-17<\/a> <a href=\"https:\/\/monshouwerstichting.nl\/bij\/matteus_4_12-23\/\">Matte\u00fcs 4,12-23<\/a><\/td><\/tr><tr><td class=\"has-text-align-left\" data-align=\"left\">Jesaja 25,6-9 Romeinen 12,16-21 Matte\u00fcs 8,1-13<\/td><td class=\"has-text-align-left\" data-align=\"left\"><a href=\"https:\/\/monshouwerstichting.nl\/bij\/jesaja_25_6-9\/\">Jesaja 25,6-9<\/a> <a href=\"https:\/\/monshouwerstichting.nl\/bij\/romeinen_12_9-21\/\">Romeinen 12,16-21<\/a> Matte\u00fcs 8,1-13<\/td><\/tr><\/tbody><\/table><\/figure>\n\n\n\n<p><strong><em>kunstwerken<\/em><\/strong><\/p>\n\n\n\n<p>Tijdelijk niet beschikbaar omdat veel aangeroepen pagina\u2019s verplaatst zijn<\/p>\n<\/div>\n<\/div>\n","protected":false},"excerpt":{"rendered":"<p>25 januari 2026: jaar A &#8211; derde na epifanie (wit of groen)&nbsp;&nbsp;&nbsp;&nbsp;&nbsp;&nbsp;&nbsp; [DIENSTBOEK: 58-61] &lt;- VORIGE&nbsp;&nbsp;&nbsp;&nbsp;&nbsp;&nbsp;&nbsp;&nbsp;&nbsp;&nbsp;&nbsp;&nbsp;&nbsp;&nbsp;&nbsp;&nbsp;&nbsp;&nbsp;&nbsp;&nbsp;&nbsp;&nbsp;&nbsp;&nbsp;&nbsp;&nbsp;&nbsp;&nbsp;&nbsp;&nbsp;&nbsp;&nbsp;&nbsp;&nbsp;&nbsp;&nbsp;&nbsp;&nbsp;&nbsp;&nbsp;&nbsp; INDEX&nbsp;&nbsp;&nbsp;&nbsp;&nbsp;&nbsp;&nbsp;&nbsp;&nbsp;&nbsp;&nbsp;&nbsp;&nbsp;&nbsp;&nbsp;&nbsp;&nbsp;&nbsp;&nbsp;&nbsp;&nbsp;&nbsp;&nbsp;&nbsp;&nbsp;&nbsp;&nbsp;&nbsp;&nbsp;&nbsp;&nbsp;&nbsp;&nbsp;&nbsp;&nbsp;&nbsp;&nbsp;&nbsp; VOLGENDE -&gt; gemeenschappelijk<\/p>\n","protected":false},"author":4,"featured_media":0,"parent":0,"menu_order":0,"comment_status":"closed","ping_status":"closed","template":"","meta":{"colormag_page_container_layout":"no_sidebar_full_width","colormag_page_sidebar_layout":"no_sidebar","_editorskit_title_hidden":true,"_editorskit_reading_time":0,"_editorskit_is_block_options_detached":false,"_editorskit_block_options_position":"{}","footnotes":""},"class_list":["post-1515","page","type-page","status-publish","hentry"],"yoast_head":"<!-- This site is optimized with the Yoast SEO plugin v27.4 - https:\/\/yoast.com\/product\/yoast-seo-wordpress\/ -->\n<title>260125 - Liedsuggesties<\/title>\n<meta name=\"robots\" content=\"index, follow, max-snippet:-1, max-image-preview:large, max-video-preview:-1\" \/>\n<link rel=\"canonical\" href=\"https:\/\/abarte.nl\/ls\/260125-2\/\" \/>\n<meta property=\"og:locale\" content=\"nl_NL\" \/>\n<meta property=\"og:type\" content=\"article\" \/>\n<meta property=\"og:title\" content=\"260125 - Liedsuggesties\" \/>\n<meta property=\"og:description\" content=\"25 januari 2026: jaar A &#8211; derde na epifanie (wit of groen)&nbsp;&nbsp;&nbsp;&nbsp;&nbsp;&nbsp;&nbsp; [DIENSTBOEK: 58-61] &lt;- VORIGE&nbsp;&nbsp;&nbsp;&nbsp;&nbsp;&nbsp;&nbsp;&nbsp;&nbsp;&nbsp;&nbsp;&nbsp;&nbsp;&nbsp;&nbsp;&nbsp;&nbsp;&nbsp;&nbsp;&nbsp;&nbsp;&nbsp;&nbsp;&nbsp;&nbsp;&nbsp;&nbsp;&nbsp;&nbsp;&nbsp;&nbsp;&nbsp;&nbsp;&nbsp;&nbsp;&nbsp;&nbsp;&nbsp;&nbsp;&nbsp;&nbsp; INDEX&nbsp;&nbsp;&nbsp;&nbsp;&nbsp;&nbsp;&nbsp;&nbsp;&nbsp;&nbsp;&nbsp;&nbsp;&nbsp;&nbsp;&nbsp;&nbsp;&nbsp;&nbsp;&nbsp;&nbsp;&nbsp;&nbsp;&nbsp;&nbsp;&nbsp;&nbsp;&nbsp;&nbsp;&nbsp;&nbsp;&nbsp;&nbsp;&nbsp;&nbsp;&nbsp;&nbsp;&nbsp;&nbsp; VOLGENDE -&gt; gemeenschappelijk\" \/>\n<meta property=\"og:url\" content=\"https:\/\/abarte.nl\/ls\/260125-2\/\" \/>\n<meta property=\"og:site_name\" content=\"Liedsuggesties\" \/>\n<meta property=\"article:publisher\" content=\"https:\/\/www.facebook.com\/klaasholwerda\/\" \/>\n<meta property=\"article:modified_time\" content=\"2026-01-21T14:19:09+00:00\" \/>\n<meta name=\"twitter:card\" content=\"summary_large_image\" \/>\n<meta name=\"twitter:label1\" content=\"Geschatte leestijd\" \/>\n\t<meta name=\"twitter:data1\" content=\"2 minuten\" \/>\n<script type=\"application\/ld+json\" class=\"yoast-schema-graph\">{\"@context\":\"https:\\\/\\\/schema.org\",\"@graph\":[{\"@type\":\"WebPage\",\"@id\":\"https:\\\/\\\/abarte.nl\\\/ls\\\/260125-2\\\/\",\"url\":\"https:\\\/\\\/abarte.nl\\\/ls\\\/260125-2\\\/\",\"name\":\"260125 - Liedsuggesties\",\"isPartOf\":{\"@id\":\"https:\\\/\\\/abarte.nl\\\/ls\\\/#website\"},\"datePublished\":\"2026-01-06T15:42:42+00:00\",\"dateModified\":\"2026-01-21T14:19:09+00:00\",\"breadcrumb\":{\"@id\":\"https:\\\/\\\/abarte.nl\\\/ls\\\/260125-2\\\/#breadcrumb\"},\"inLanguage\":\"nl-NL\",\"potentialAction\":[{\"@type\":\"ReadAction\",\"target\":[\"https:\\\/\\\/abarte.nl\\\/ls\\\/260125-2\\\/\"]}]},{\"@type\":\"BreadcrumbList\",\"@id\":\"https:\\\/\\\/abarte.nl\\\/ls\\\/260125-2\\\/#breadcrumb\",\"itemListElement\":[{\"@type\":\"ListItem\",\"position\":1,\"name\":\"Home\",\"item\":\"https:\\\/\\\/abarte.nl\\\/ls\\\/\"},{\"@type\":\"ListItem\",\"position\":2,\"name\":\"260125\"}]},{\"@type\":\"WebSite\",\"@id\":\"https:\\\/\\\/abarte.nl\\\/ls\\\/#website\",\"url\":\"https:\\\/\\\/abarte.nl\\\/ls\\\/\",\"name\":\"Abarte\",\"description\":\"\",\"publisher\":{\"@id\":\"https:\\\/\\\/abarte.nl\\\/ls\\\/#organization\"},\"alternateName\":\"AB ARTE\",\"potentialAction\":[{\"@type\":\"SearchAction\",\"target\":{\"@type\":\"EntryPoint\",\"urlTemplate\":\"https:\\\/\\\/abarte.nl\\\/ls\\\/?s={search_term_string}\"},\"query-input\":{\"@type\":\"PropertyValueSpecification\",\"valueRequired\":true,\"valueName\":\"search_term_string\"}}],\"inLanguage\":\"nl-NL\"},{\"@type\":\"Organization\",\"@id\":\"https:\\\/\\\/abarte.nl\\\/ls\\\/#organization\",\"name\":\"Abarte\",\"alternateName\":\"Abarte Kunst en Liturgie\",\"url\":\"https:\\\/\\\/abarte.nl\\\/ls\\\/\",\"logo\":{\"@type\":\"ImageObject\",\"inLanguage\":\"nl-NL\",\"@id\":\"https:\\\/\\\/abarte.nl\\\/ls\\\/#\\\/schema\\\/logo\\\/image\\\/\",\"url\":\"https:\\\/\\\/i0.wp.com\\\/abarte.nl\\\/wp-content\\\/uploads\\\/AbArteLogoTransPlus.jpg?fit=2500%2C1667&ssl=1\",\"contentUrl\":\"https:\\\/\\\/i0.wp.com\\\/abarte.nl\\\/wp-content\\\/uploads\\\/AbArteLogoTransPlus.jpg?fit=2500%2C1667&ssl=1\",\"width\":2500,\"height\":1667,\"caption\":\"Abarte\"},\"image\":{\"@id\":\"https:\\\/\\\/abarte.nl\\\/ls\\\/#\\\/schema\\\/logo\\\/image\\\/\"},\"sameAs\":[\"https:\\\/\\\/www.facebook.com\\\/klaasholwerda\\\/\",\"https:\\\/\\\/www.linkedin.com\\\/in\\\/klaasholwerda\\\/\"]}]}<\/script>\n<!-- \/ Yoast SEO plugin. -->","yoast_head_json":{"title":"260125 - Liedsuggesties","robots":{"index":"index","follow":"follow","max-snippet":"max-snippet:-1","max-image-preview":"max-image-preview:large","max-video-preview":"max-video-preview:-1"},"canonical":"https:\/\/abarte.nl\/ls\/260125-2\/","og_locale":"nl_NL","og_type":"article","og_title":"260125 - Liedsuggesties","og_description":"25 januari 2026: jaar A &#8211; derde na epifanie (wit of groen)&nbsp;&nbsp;&nbsp;&nbsp;&nbsp;&nbsp;&nbsp; [DIENSTBOEK: 58-61] &lt;- VORIGE&nbsp;&nbsp;&nbsp;&nbsp;&nbsp;&nbsp;&nbsp;&nbsp;&nbsp;&nbsp;&nbsp;&nbsp;&nbsp;&nbsp;&nbsp;&nbsp;&nbsp;&nbsp;&nbsp;&nbsp;&nbsp;&nbsp;&nbsp;&nbsp;&nbsp;&nbsp;&nbsp;&nbsp;&nbsp;&nbsp;&nbsp;&nbsp;&nbsp;&nbsp;&nbsp;&nbsp;&nbsp;&nbsp;&nbsp;&nbsp;&nbsp; INDEX&nbsp;&nbsp;&nbsp;&nbsp;&nbsp;&nbsp;&nbsp;&nbsp;&nbsp;&nbsp;&nbsp;&nbsp;&nbsp;&nbsp;&nbsp;&nbsp;&nbsp;&nbsp;&nbsp;&nbsp;&nbsp;&nbsp;&nbsp;&nbsp;&nbsp;&nbsp;&nbsp;&nbsp;&nbsp;&nbsp;&nbsp;&nbsp;&nbsp;&nbsp;&nbsp;&nbsp;&nbsp;&nbsp; VOLGENDE -&gt; gemeenschappelijk","og_url":"https:\/\/abarte.nl\/ls\/260125-2\/","og_site_name":"Liedsuggesties","article_publisher":"https:\/\/www.facebook.com\/klaasholwerda\/","article_modified_time":"2026-01-21T14:19:09+00:00","twitter_card":"summary_large_image","twitter_misc":{"Geschatte leestijd":"2 minuten"},"schema":{"@context":"https:\/\/schema.org","@graph":[{"@type":"WebPage","@id":"https:\/\/abarte.nl\/ls\/260125-2\/","url":"https:\/\/abarte.nl\/ls\/260125-2\/","name":"260125 - Liedsuggesties","isPartOf":{"@id":"https:\/\/abarte.nl\/ls\/#website"},"datePublished":"2026-01-06T15:42:42+00:00","dateModified":"2026-01-21T14:19:09+00:00","breadcrumb":{"@id":"https:\/\/abarte.nl\/ls\/260125-2\/#breadcrumb"},"inLanguage":"nl-NL","potentialAction":[{"@type":"ReadAction","target":["https:\/\/abarte.nl\/ls\/260125-2\/"]}]},{"@type":"BreadcrumbList","@id":"https:\/\/abarte.nl\/ls\/260125-2\/#breadcrumb","itemListElement":[{"@type":"ListItem","position":1,"name":"Home","item":"https:\/\/abarte.nl\/ls\/"},{"@type":"ListItem","position":2,"name":"260125"}]},{"@type":"WebSite","@id":"https:\/\/abarte.nl\/ls\/#website","url":"https:\/\/abarte.nl\/ls\/","name":"Abarte","description":"","publisher":{"@id":"https:\/\/abarte.nl\/ls\/#organization"},"alternateName":"AB ARTE","potentialAction":[{"@type":"SearchAction","target":{"@type":"EntryPoint","urlTemplate":"https:\/\/abarte.nl\/ls\/?s={search_term_string}"},"query-input":{"@type":"PropertyValueSpecification","valueRequired":true,"valueName":"search_term_string"}}],"inLanguage":"nl-NL"},{"@type":"Organization","@id":"https:\/\/abarte.nl\/ls\/#organization","name":"Abarte","alternateName":"Abarte Kunst en Liturgie","url":"https:\/\/abarte.nl\/ls\/","logo":{"@type":"ImageObject","inLanguage":"nl-NL","@id":"https:\/\/abarte.nl\/ls\/#\/schema\/logo\/image\/","url":"https:\/\/i0.wp.com\/abarte.nl\/wp-content\/uploads\/AbArteLogoTransPlus.jpg?fit=2500%2C1667&ssl=1","contentUrl":"https:\/\/i0.wp.com\/abarte.nl\/wp-content\/uploads\/AbArteLogoTransPlus.jpg?fit=2500%2C1667&ssl=1","width":2500,"height":1667,"caption":"Abarte"},"image":{"@id":"https:\/\/abarte.nl\/ls\/#\/schema\/logo\/image\/"},"sameAs":["https:\/\/www.facebook.com\/klaasholwerda\/","https:\/\/www.linkedin.com\/in\/klaasholwerda\/"]}]}},"_links":{"self":[{"href":"https:\/\/abarte.nl\/ls\/wp-json\/wp\/v2\/pages\/1515","targetHints":{"allow":["GET"]}}],"collection":[{"href":"https:\/\/abarte.nl\/ls\/wp-json\/wp\/v2\/pages"}],"about":[{"href":"https:\/\/abarte.nl\/ls\/wp-json\/wp\/v2\/types\/page"}],"author":[{"embeddable":true,"href":"https:\/\/abarte.nl\/ls\/wp-json\/wp\/v2\/users\/4"}],"replies":[{"embeddable":true,"href":"https:\/\/abarte.nl\/ls\/wp-json\/wp\/v2\/comments?post=1515"}],"version-history":[{"count":6,"href":"https:\/\/abarte.nl\/ls\/wp-json\/wp\/v2\/pages\/1515\/revisions"}],"predecessor-version":[{"id":1553,"href":"https:\/\/abarte.nl\/ls\/wp-json\/wp\/v2\/pages\/1515\/revisions\/1553"}],"wp:attachment":[{"href":"https:\/\/abarte.nl\/ls\/wp-json\/wp\/v2\/media?parent=1515"}],"curies":[{"name":"wp","href":"https:\/\/api.w.org\/{rel}","templated":true}]}}