{"id":1540,"date":"2026-01-06T17:39:44","date_gmt":"2026-01-06T17:39:44","guid":{"rendered":"https:\/\/abarte.nl\/ls\/?page_id=1540"},"modified":"2026-01-06T17:42:21","modified_gmt":"2026-01-06T17:42:21","slug":"260215-2","status":"publish","type":"page","link":"https:\/\/abarte.nl\/ls\/260215-2\/","title":{"rendered":"260215"},"content":{"rendered":"\n<div class=\"wp-block-columns is-layout-flex wp-container-core-columns-is-layout-28f84493 wp-block-columns-is-layout-flex\">\n<div class=\"wp-block-column is-layout-flow wp-block-column-is-layout-flow\" style=\"flex-basis:66.66%\">\n<p><strong>15 februari 2026: jaar A &#8211; zesde na epifanie (groen) \/ quinquagesima (paars)<\/strong><\/p>\n\n\n\n<p><strong><a href=\"https:\/\/www.theologie.nl\/dienstboek-i-schrift-maaltijd-gebed\/\">[DIENSTBOEK: 70-73\/82-85]<\/a><\/strong><strong><\/strong><\/p>\n\n\n\n<p><strong><a href=\"https:\/\/abarte.nl\/ls\/260208\">&lt;- VORIGE<\/a>\u00a0\u00a0\u00a0\u00a0\u00a0\u00a0\u00a0\u00a0\u00a0\u00a0\u00a0\u00a0\u00a0\u00a0\u00a0\u00a0\u00a0\u00a0\u00a0\u00a0\u00a0\u00a0\u00a0\u00a0\u00a0\u00a0\u00a0\u00a0\u00a0\u00a0\u00a0\u00a0\u00a0\u00a0\u00a0\u00a0\u00a0\u00a0\u00a0\u00a0\u00a0 <a href=\"https:\/\/abarte.nl\/ls\/index26\">INDEX<\/a>\u00a0\u00a0\u00a0\u00a0\u00a0\u00a0\u00a0\u00a0\u00a0\u00a0\u00a0\u00a0\u00a0\u00a0\u00a0\u00a0\u00a0\u00a0\u00a0\u00a0\u00a0\u00a0\u00a0\u00a0\u00a0\u00a0\u00a0\u00a0\u00a0\u00a0\u00a0\u00a0\u00a0\u00a0\u00a0\u00a0\u00a0\u00a0 <a href=\"https:\/\/abarte.nl\/ls\/260218\">VOLGENDE -><\/a><\/strong><\/p>\n\n\n\n<p><strong><em>gemeenschappelijk leesrooster met liedsuggesties<\/em><\/strong><\/p>\n\n\n\n<figure class=\"wp-block-table\"><table class=\"has-fixed-layout\"><tbody><tr><td class=\"has-text-align-left\" data-align=\"left\">intro\u00eftus (+<a href=\"https:\/\/www.liedboekcompendium.nl\/overzichtsartikel\/9-intro-tusantifoon\">antifoon<\/a>)<\/td><td class=\"has-text-align-left\" data-align=\"left\">Psalm 145<\/td><td class=\"has-text-align-left\" data-align=\"left\"><a href=\"https:\/\/www.liedboekcompendium.nl\/lied\/67-god-zij-ons-gunstig-en-genadig-6_7\">67<\/a> + <a href=\"https:\/\/www.liedboekcompendium.nl\/lied\/514c-god-wees-ons-genadig-1_2_0_4\">514c<\/a>, <a href=\"https:\/\/www.liedboekcompendium.nl\/lied\/119-welzalig-wie-de-rechte-wegen-gaan-1_1_9\">119<\/a> (1.4-6), <a href=\"https:\/\/www.liedboekcompendium.nl\/lied\/145-o-heer-mijn-god-gij-koning-van-t-heelal-1_4_5\">145<\/a>(1.2.4) (WV 15)<\/td><\/tr><tr><td class=\"has-text-align-left\" data-align=\"left\">eerste lezing<\/td><td class=\"has-text-align-left\" data-align=\"left\">Deuteronomium 30,15-20 <br>[Jezus Sirach 15,(11)16-(20)21]<\/td><td class=\"has-text-align-left\" data-align=\"left\"><a href=\"https:\/\/www.liedboekcompendium.nl\/lied\/316-het-woord-dat-u-ten-leven-riep-3_0_1\">316<\/a>, <a href=\"https:\/\/www.liedboekcompendium.nl\/lied\/334-het-woord-dat-ik-jou-geef-3_1_9\">334<\/a>, <a href=\"https:\/\/www.liedboekcompendium.nl\/lied\/843-wat-te-kiezen-leven-dood-8_0_3\">843<\/a>\u00a0 \u00a0 <br><a href=\"https:\/\/www.liedboekcompendium.nl\/lied\/119-welzalig-wie-de-rechte-wegen-gaan-1_1_9\">119<\/a>(4-6), <a href=\"https:\/\/www.liedboekcompendium.nl\/lied\/119a-uw-woord-omvat-mijn-leven-9_9_0\">119a<\/a>\u00a0<\/td><\/tr><tr><td class=\"has-text-align-left\" data-align=\"left\"><a href=\"https:\/\/www.liedboekcompendium.nl\/overzichtsartikel\/4-antwoordpsalm\">antwoordpsalm<\/a><\/td><td class=\"has-text-align-left\" data-align=\"left\">Psalm 119,[1]9-16[34]<\/td><td class=\"has-text-align-left\" data-align=\"left\"><a href=\"https:\/\/www.liedboekcompendium.nl\/lied\/119b-een-lamp-voor-mijn-voet-is-uw-woord-9_9_1\">119b<\/a>&nbsp;<\/td><\/tr><tr><td class=\"has-text-align-left\" data-align=\"left\">epistel<\/td><td class=\"has-text-align-left\" data-align=\"left\">1 Korinti\u00ebrs 2,6-[10]11 <br>[1 Korinti\u00ebrs 3.1-9]<\/td><td class=\"has-text-align-left\" data-align=\"left\"><a href=\"https:\/\/www.liedboekcompendium.nl\/lied\/682-dit-is-het-wonder-de-kracht-van-de-geest-6_4_4\">682<\/a>, <a href=\"https:\/\/www.liedboekcompendium.nl\/lied\/848-al-wat-een-mens-te-kennen-zoekt-8_0_8\">848<\/a>, <a href=\"https:\/\/www.liedboekcompendium.nl\/lied\/1001-de-wijze-woorden-en-het-groot-vertoon-9_5_8\">1001<\/a>\u00a0 <br><a href=\"https:\/\/www.liedboekcompendium.nl\/lied\/682-dit-is-het-wonder-de-kracht-van-de-geest-6_4_4\">682<\/a>, <a href=\"https:\/\/www.liedboekcompendium.nl\/lied\/848-al-wat-een-mens-te-kennen-zoekt-8_0_8\">848<\/a>, <a href=\"https:\/\/www.liedboekcompendium.nl\/lied\/1001-de-wijze-woorden-en-het-groot-vertoon-9_5_8\">1001<\/a>\u00a0<\/td><\/tr><tr><td class=\"has-text-align-left\" data-align=\"left\"><a href=\"https:\/\/www.liedboekcompendium.nl\/overzichtsartikel\/7-halleluja\">hallelujavers<\/a><\/td><td class=\"has-text-align-left\" data-align=\"left\">Matte\u00fcs 11,25 <br>Psalm 98,1-2<\/td><td class=\"has-text-align-left\" data-align=\"left\">&nbsp;<\/td><\/tr><tr><td class=\"has-text-align-left\" data-align=\"left\">evangelie<\/td><td class=\"has-text-align-left\" data-align=\"left\">Matte\u00fcs 5,17[20]-26[37]<\/td><td class=\"has-text-align-left\" data-align=\"left\"><a><\/a><a href=\"https:\/\/www.liedboekcompendium.nl\/lied\/320-wie-oren-om-te-horen-heeft-3_0_5\">320<\/a>, <a href=\"https:\/\/www.liedboekcompendium.nl\/lied\/325-dat-woord-waarin-ons-richting-werd-gegeven-3_1_0\">325<\/a> (WV 138)<\/td><\/tr><tr><td class=\"has-text-align-left\" data-align=\"left\">overige liederen<\/td><td class=\"has-text-align-left\" data-align=\"left\">&nbsp;<\/td><td class=\"has-text-align-left\" data-align=\"left\"><a><\/a><a><\/a><a href=\"https:\/\/www.liedboekcompendium.nl\/lied\/517-christus-uit-god-geboren-4_8_4\">517<\/a>&nbsp;<\/td><\/tr><\/tbody><\/table><\/figure>\n\n\n\n<p><strong><em>evangelisch-luthers leesrooster met liedsuggesties<\/em><\/strong><strong><\/strong><\/p>\n\n\n\n<figure class=\"wp-block-table\"><table class=\"has-fixed-layout\"><tbody><tr><td class=\"has-text-align-left\" data-align=\"left\">intro\u00eftus (+<a href=\"https:\/\/www.liedboekcompendium.nl\/overzichtsartikel\/9-intro-tusantifoon\">antifoon<\/a>)<\/td><td class=\"has-text-align-left\" data-align=\"left\">Psalm 31<\/td><td class=\"has-text-align-left\" data-align=\"left\"><a href=\"https:\/\/www.liedboekcompendium.nl\/lied\/31-op-u-vertrouw-ik-heer-der-heren-3_1\">31<\/a>[1.4.6.13] + <a href=\"https:\/\/www.liedboekcompendium.nl\/lied\/514d-wees-mij-een-rots-een-toevlucht-1_2_0_5\">514d<\/a>, <a href=\"https:\/\/www.liedboekcompendium.nl\/lied\/31a-mijn-toevlucht-is-de-here-god-1_1_0_1\">31a<\/a> (WV 15)<\/td><\/tr><tr><td class=\"has-text-align-left\" data-align=\"left\">eerste lezing<\/td><td class=\"has-text-align-left\" data-align=\"left\">Jesaja 38,1-6<\/td><td class=\"has-text-align-left\" data-align=\"left\"><a href=\"https:\/\/www.liedboekcompendium.nl\/lied\/77-roepend-om-gehoor-te-vinden-7_7\">77<\/a>(4-6), <a href=\"https:\/\/www.liedboekcompendium.nl\/lied\/77a-toen-ik-moe-was-mistroostig-1_4_7_4\">77a<\/a><\/td><\/tr><tr><td class=\"has-text-align-left\" data-align=\"left\"><a href=\"https:\/\/www.liedboekcompendium.nl\/overzichtsartikel\/4-antwoordpsalm\">antwoordpsalm<\/a><\/td><td class=\"has-text-align-left\" data-align=\"left\">Psalm 77<\/td><td class=\"has-text-align-left\" data-align=\"left\"><a href=\"https:\/\/www.liedboekcompendium.nl\/lied\/77-roepend-om-gehoor-te-vinden-7_7\">77<\/a>(4-6)<\/td><\/tr><tr><td class=\"has-text-align-left\" data-align=\"left\">epistel<\/td><td class=\"has-text-align-left\" data-align=\"left\">1 Korinti\u00ebrs 13<\/td><td class=\"has-text-align-left\" data-align=\"left\"><a href=\"https:\/\/www.liedboekcompendium.nl\/lied\/790-hoog-als-de-hemel-de-liefde-7_5_0\">790<\/a>, <a href=\"https:\/\/www.liedboekcompendium.nl\/lied\/791-liefde-eenmaal-uitgesproken-7_5_1\">791<\/a>, <a href=\"https:\/\/www.liedboekcompendium.nl\/lied\/792-kom-god-en-schrijf-uw-eigen-naam-7_5_2\">792<\/a>, <a href=\"https:\/\/www.liedboekcompendium.nl\/lied\/793-bron-van-liefde-licht-en-leven-7_5_3\">793<\/a> (WV 17)<\/td><\/tr><tr><td class=\"has-text-align-left\" data-align=\"left\"><a href=\"https:\/\/www.liedboekcompendium.nl\/overzichtsartikel\/7-halleluja\">hallelujavers<\/a><\/td><td class=\"has-text-align-left\" data-align=\"left\">&#8211;<\/td><td class=\"has-text-align-left\" data-align=\"left\">&nbsp;<\/td><\/tr><tr><td class=\"has-text-align-left\" data-align=\"left\">evangelie<\/td><td class=\"has-text-align-left\" data-align=\"left\">Lukas 18,31-43<\/td><td class=\"has-text-align-left\" data-align=\"left\"><a href=\"https:\/\/www.liedboekcompendium.nl\/lied\/182-blinde-man-ga-voort-gij-1_7_5\">182<\/a>, <a href=\"https:\/\/www.liedboekcompendium.nl\/lied\/534-hij-die-de-blinden-weer-liet-zien-5_0_1\">534<\/a>, <a href=\"https:\/\/www.liedboekcompendium.nl\/lied\/536-alles-wat-over-ons-geschreven-is-5_0_2\">536<\/a>, <a href=\"https:\/\/www.liedboekcompendium.nl\/lied\/556-alles-wat-over-ons-geschreven-is-5_2_2\">556<\/a>, <a href=\"https:\/\/www.liedboekcompendium.nl\/lied\/803-uit-oer-is-hij-getogen-7_6_3\">803<\/a><\/td><\/tr><tr><td class=\"has-text-align-left\" data-align=\"left\">zondagslied<\/td><td class=\"has-text-align-left\" data-align=\"left\">&nbsp;<\/td><td class=\"has-text-align-left\" data-align=\"left\"><a href=\"https:\/\/www.liedboekcompendium.nl\/lied\/909-wat-god-doet-dat-is-welgedaan-1_4_1_7\">909<\/a> (WV 16,18)<\/td><\/tr><\/tbody><\/table><\/figure>\n<\/div>\n\n\n\n<div class=\"wp-block-column is-layout-flow wp-block-column-is-layout-flow\" style=\"flex-basis:33.33%\">\n<ul class=\"wp-block-list\">\n<li><em>de liednummers verwijzen naar <strong>Liedboek<\/strong> (2013), <strong>Psalmen anders<\/strong> en soms <strong>Gezangen voor Liturgie<\/strong> (GvL) en <strong>In wind en vuur<\/strong> (WV liederen van Willem Barnard)<\/em><\/li>\n\n\n\n<li><em>klik op liednummers voor achtergrondinformatie en het beluisteren van opnamen<\/em><\/li>\n\n\n\n<li><em>klik op termen voor een nadere toelichting<\/em><\/li>\n\n\n\n<li><em>de liedsuggesties betreffen het eigene van de dag (proprium)<\/em><\/li>\n\n\n\n<li><em>klik <\/em><a href=\"https:\/\/abarte.nl\/ls\/vast\"><em>hier<\/em><\/a><em>voor vaste gezangen (<\/em><a href=\"https:\/\/www.liedboekcompendium.nl\/overzichtsartikel\/12-het-ordinarium-in-het-liedboek\"><em>ordinarium<\/em><\/a><em>) in het algemeen<\/em><\/li>\n\n\n\n<li><em>vaste gezangen specifiek voor deze dag of deze periode:<\/em><\/li>\n<\/ul>\n\n\n\n<figure class=\"wp-block-table\"><table class=\"has-fixed-layout\"><tbody><tr><td class=\"has-text-align-left\" data-align=\"left\"><a href=\"https:\/\/www.liedboekcompendium.nl\/overzichtsartikel\/7-halleluja\">halleluja<\/a> <a href=\"https:\/\/www.liedboekcompendium.nl\/overzichtsartikel\/17-gebedsacclamatie\">gebedsacclamatie<\/a><\/td><td class=\"has-text-align-left\" data-align=\"left\"><a href=\"https:\/\/www.liedboekcompendium.nl\/lied\/338g-halleluja-1_1_0_9\">338g<\/a>, <a href=\"https:\/\/www.liedboekcompendium.nl\/lied\/338h-halleluja-ik-verkondig-u-een-tijding-van-vreugde-1_1_1_0\">338h<\/a> <br><a href=\"https:\/\/www.liedboekcompendium.nl\/lied\/368c-doe-lichten-over-ons-uw-aangezicht-1_1_3_7\">368c<\/a><\/td><\/tr><\/tbody><\/table><\/figure>\n\n\n\n<p><em><strong>vertalingen<\/strong><\/em><\/p>\n\n\n\n<figure class=\"wp-block-table\"><table class=\"has-fixed-layout\"><tbody><tr><td class=\"has-text-align-left\" data-align=\"left\"><a>Deuteronomium 30,15-20<\/a> <br>Sirach 15,16-21 <br>1 Korinti\u00ebrs 2,5-11 <br>1 Korinti\u00ebrs 3,1-9 Matte\u00fcs 5,17-26<\/td><td class=\"has-text-align-left\" data-align=\"left\"><a href=\"https:\/\/monshouwerstichting.nl\/bij\/deuteronomium_30_15-20\/\">Deuteronomium 30,15-20<\/a> <br>Sirach 15,16-21 <br><a href=\"https:\/\/monshouwerstichting.nl\/bij\/1_korintiers_2_6-11\/\">1 Korinti\u00ebrs 2,5-11<\/a> <br><a href=\"https:\/\/monshouwerstichting.nl\/bij\/1_korintiers_3_1-17\/\">1 Korinti\u00ebrs 3,1-9<\/a> <a href=\"https:\/\/monshouwerstichting.nl\/bij\/matteus_5_17-26\/\">Matte\u00fcs 5,17-26<\/a><\/td><\/tr><tr><td class=\"has-text-align-left\" data-align=\"left\">Jesaja 38,1-6 1 Korinti\u00ebrs 13 <br>Lukas 18,31-43<\/td><td class=\"has-text-align-left\" data-align=\"left\">Jesaja 38,1-6 <a href=\"https:\/\/monshouwerstichting.nl\/bij\/1_korinti%C3%ABrs_13_1-13\">1 Korinti\u00ebrs 13<\/a> <br>Lukas 18,31-43<\/td><\/tr><\/tbody><\/table><\/figure>\n\n\n\n<p><strong><em>kunstwerken<\/em><\/strong><\/p>\n\n\n\n<p>Tijdelijk niet beschikbaar omdat veel aangeroepen pagina\u2019s verplaatst zijn<\/p>\n<\/div>\n<\/div>\n","protected":false},"excerpt":{"rendered":"<p>15 februari 2026: jaar A &#8211; zesde na epifanie (groen) \/ quinquagesima (paars) [DIENSTBOEK: 70-73\/82-85] &lt;- VORIGE\u00a0\u00a0\u00a0\u00a0\u00a0\u00a0\u00a0\u00a0\u00a0\u00a0\u00a0\u00a0\u00a0\u00a0\u00a0\u00a0\u00a0\u00a0\u00a0\u00a0\u00a0\u00a0\u00a0\u00a0\u00a0\u00a0\u00a0\u00a0\u00a0\u00a0\u00a0\u00a0\u00a0\u00a0\u00a0\u00a0\u00a0\u00a0\u00a0\u00a0\u00a0 INDEX\u00a0\u00a0\u00a0\u00a0\u00a0\u00a0\u00a0\u00a0\u00a0\u00a0\u00a0\u00a0\u00a0\u00a0\u00a0\u00a0\u00a0\u00a0\u00a0\u00a0\u00a0\u00a0\u00a0\u00a0\u00a0\u00a0\u00a0\u00a0\u00a0\u00a0\u00a0\u00a0\u00a0\u00a0\u00a0\u00a0\u00a0\u00a0 VOLGENDE -><\/p>\n","protected":false},"author":4,"featured_media":0,"parent":0,"menu_order":0,"comment_status":"closed","ping_status":"closed","template":"","meta":{"colormag_page_container_layout":"no_sidebar_full_width","colormag_page_sidebar_layout":"no_sidebar","_editorskit_title_hidden":true,"_editorskit_reading_time":0,"_editorskit_is_block_options_detached":false,"_editorskit_block_options_position":"{}","footnotes":""},"class_list":["post-1540","page","type-page","status-publish","hentry"],"yoast_head":"<!-- This site is optimized with the Yoast SEO plugin v27.4 - https:\/\/yoast.com\/product\/yoast-seo-wordpress\/ -->\n<title>260215 - Liedsuggesties<\/title>\n<meta name=\"robots\" content=\"index, follow, max-snippet:-1, max-image-preview:large, max-video-preview:-1\" \/>\n<link rel=\"canonical\" href=\"https:\/\/abarte.nl\/ls\/260215-2\/\" \/>\n<meta property=\"og:locale\" content=\"nl_NL\" \/>\n<meta property=\"og:type\" content=\"article\" \/>\n<meta property=\"og:title\" content=\"260215 - Liedsuggesties\" \/>\n<meta property=\"og:description\" content=\"15 februari 2026: jaar A &#8211; zesde na epifanie (groen) \/ quinquagesima (paars) [DIENSTBOEK: 70-73\/82-85] &lt;- VORIGE\u00a0\u00a0\u00a0\u00a0\u00a0\u00a0\u00a0\u00a0\u00a0\u00a0\u00a0\u00a0\u00a0\u00a0\u00a0\u00a0\u00a0\u00a0\u00a0\u00a0\u00a0\u00a0\u00a0\u00a0\u00a0\u00a0\u00a0\u00a0\u00a0\u00a0\u00a0\u00a0\u00a0\u00a0\u00a0\u00a0\u00a0\u00a0\u00a0\u00a0\u00a0 INDEX\u00a0\u00a0\u00a0\u00a0\u00a0\u00a0\u00a0\u00a0\u00a0\u00a0\u00a0\u00a0\u00a0\u00a0\u00a0\u00a0\u00a0\u00a0\u00a0\u00a0\u00a0\u00a0\u00a0\u00a0\u00a0\u00a0\u00a0\u00a0\u00a0\u00a0\u00a0\u00a0\u00a0\u00a0\u00a0\u00a0\u00a0\u00a0 VOLGENDE -&gt;\" \/>\n<meta property=\"og:url\" content=\"https:\/\/abarte.nl\/ls\/260215-2\/\" \/>\n<meta property=\"og:site_name\" content=\"Liedsuggesties\" \/>\n<meta property=\"article:publisher\" content=\"https:\/\/www.facebook.com\/klaasholwerda\/\" \/>\n<meta property=\"article:modified_time\" content=\"2026-01-06T17:42:21+00:00\" \/>\n<meta name=\"twitter:card\" content=\"summary_large_image\" \/>\n<meta name=\"twitter:label1\" content=\"Geschatte leestijd\" \/>\n\t<meta name=\"twitter:data1\" content=\"2 minuten\" \/>\n<script type=\"application\/ld+json\" class=\"yoast-schema-graph\">{\"@context\":\"https:\\\/\\\/schema.org\",\"@graph\":[{\"@type\":\"WebPage\",\"@id\":\"https:\\\/\\\/abarte.nl\\\/ls\\\/260215-2\\\/\",\"url\":\"https:\\\/\\\/abarte.nl\\\/ls\\\/260215-2\\\/\",\"name\":\"260215 - Liedsuggesties\",\"isPartOf\":{\"@id\":\"https:\\\/\\\/abarte.nl\\\/ls\\\/#website\"},\"datePublished\":\"2026-01-06T17:39:44+00:00\",\"dateModified\":\"2026-01-06T17:42:21+00:00\",\"breadcrumb\":{\"@id\":\"https:\\\/\\\/abarte.nl\\\/ls\\\/260215-2\\\/#breadcrumb\"},\"inLanguage\":\"nl-NL\",\"potentialAction\":[{\"@type\":\"ReadAction\",\"target\":[\"https:\\\/\\\/abarte.nl\\\/ls\\\/260215-2\\\/\"]}]},{\"@type\":\"BreadcrumbList\",\"@id\":\"https:\\\/\\\/abarte.nl\\\/ls\\\/260215-2\\\/#breadcrumb\",\"itemListElement\":[{\"@type\":\"ListItem\",\"position\":1,\"name\":\"Home\",\"item\":\"https:\\\/\\\/abarte.nl\\\/ls\\\/\"},{\"@type\":\"ListItem\",\"position\":2,\"name\":\"260215\"}]},{\"@type\":\"WebSite\",\"@id\":\"https:\\\/\\\/abarte.nl\\\/ls\\\/#website\",\"url\":\"https:\\\/\\\/abarte.nl\\\/ls\\\/\",\"name\":\"Abarte\",\"description\":\"\",\"publisher\":{\"@id\":\"https:\\\/\\\/abarte.nl\\\/ls\\\/#organization\"},\"alternateName\":\"AB ARTE\",\"potentialAction\":[{\"@type\":\"SearchAction\",\"target\":{\"@type\":\"EntryPoint\",\"urlTemplate\":\"https:\\\/\\\/abarte.nl\\\/ls\\\/?s={search_term_string}\"},\"query-input\":{\"@type\":\"PropertyValueSpecification\",\"valueRequired\":true,\"valueName\":\"search_term_string\"}}],\"inLanguage\":\"nl-NL\"},{\"@type\":\"Organization\",\"@id\":\"https:\\\/\\\/abarte.nl\\\/ls\\\/#organization\",\"name\":\"Abarte\",\"alternateName\":\"Abarte Kunst en Liturgie\",\"url\":\"https:\\\/\\\/abarte.nl\\\/ls\\\/\",\"logo\":{\"@type\":\"ImageObject\",\"inLanguage\":\"nl-NL\",\"@id\":\"https:\\\/\\\/abarte.nl\\\/ls\\\/#\\\/schema\\\/logo\\\/image\\\/\",\"url\":\"https:\\\/\\\/i0.wp.com\\\/abarte.nl\\\/wp-content\\\/uploads\\\/AbArteLogoTransPlus.jpg?fit=2500%2C1667&ssl=1\",\"contentUrl\":\"https:\\\/\\\/i0.wp.com\\\/abarte.nl\\\/wp-content\\\/uploads\\\/AbArteLogoTransPlus.jpg?fit=2500%2C1667&ssl=1\",\"width\":2500,\"height\":1667,\"caption\":\"Abarte\"},\"image\":{\"@id\":\"https:\\\/\\\/abarte.nl\\\/ls\\\/#\\\/schema\\\/logo\\\/image\\\/\"},\"sameAs\":[\"https:\\\/\\\/www.facebook.com\\\/klaasholwerda\\\/\",\"https:\\\/\\\/www.linkedin.com\\\/in\\\/klaasholwerda\\\/\"]}]}<\/script>\n<!-- \/ Yoast SEO plugin. -->","yoast_head_json":{"title":"260215 - Liedsuggesties","robots":{"index":"index","follow":"follow","max-snippet":"max-snippet:-1","max-image-preview":"max-image-preview:large","max-video-preview":"max-video-preview:-1"},"canonical":"https:\/\/abarte.nl\/ls\/260215-2\/","og_locale":"nl_NL","og_type":"article","og_title":"260215 - Liedsuggesties","og_description":"15 februari 2026: jaar A &#8211; zesde na epifanie (groen) \/ quinquagesima (paars) [DIENSTBOEK: 70-73\/82-85] &lt;- VORIGE\u00a0\u00a0\u00a0\u00a0\u00a0\u00a0\u00a0\u00a0\u00a0\u00a0\u00a0\u00a0\u00a0\u00a0\u00a0\u00a0\u00a0\u00a0\u00a0\u00a0\u00a0\u00a0\u00a0\u00a0\u00a0\u00a0\u00a0\u00a0\u00a0\u00a0\u00a0\u00a0\u00a0\u00a0\u00a0\u00a0\u00a0\u00a0\u00a0\u00a0\u00a0 INDEX\u00a0\u00a0\u00a0\u00a0\u00a0\u00a0\u00a0\u00a0\u00a0\u00a0\u00a0\u00a0\u00a0\u00a0\u00a0\u00a0\u00a0\u00a0\u00a0\u00a0\u00a0\u00a0\u00a0\u00a0\u00a0\u00a0\u00a0\u00a0\u00a0\u00a0\u00a0\u00a0\u00a0\u00a0\u00a0\u00a0\u00a0\u00a0 VOLGENDE ->","og_url":"https:\/\/abarte.nl\/ls\/260215-2\/","og_site_name":"Liedsuggesties","article_publisher":"https:\/\/www.facebook.com\/klaasholwerda\/","article_modified_time":"2026-01-06T17:42:21+00:00","twitter_card":"summary_large_image","twitter_misc":{"Geschatte leestijd":"2 minuten"},"schema":{"@context":"https:\/\/schema.org","@graph":[{"@type":"WebPage","@id":"https:\/\/abarte.nl\/ls\/260215-2\/","url":"https:\/\/abarte.nl\/ls\/260215-2\/","name":"260215 - Liedsuggesties","isPartOf":{"@id":"https:\/\/abarte.nl\/ls\/#website"},"datePublished":"2026-01-06T17:39:44+00:00","dateModified":"2026-01-06T17:42:21+00:00","breadcrumb":{"@id":"https:\/\/abarte.nl\/ls\/260215-2\/#breadcrumb"},"inLanguage":"nl-NL","potentialAction":[{"@type":"ReadAction","target":["https:\/\/abarte.nl\/ls\/260215-2\/"]}]},{"@type":"BreadcrumbList","@id":"https:\/\/abarte.nl\/ls\/260215-2\/#breadcrumb","itemListElement":[{"@type":"ListItem","position":1,"name":"Home","item":"https:\/\/abarte.nl\/ls\/"},{"@type":"ListItem","position":2,"name":"260215"}]},{"@type":"WebSite","@id":"https:\/\/abarte.nl\/ls\/#website","url":"https:\/\/abarte.nl\/ls\/","name":"Abarte","description":"","publisher":{"@id":"https:\/\/abarte.nl\/ls\/#organization"},"alternateName":"AB ARTE","potentialAction":[{"@type":"SearchAction","target":{"@type":"EntryPoint","urlTemplate":"https:\/\/abarte.nl\/ls\/?s={search_term_string}"},"query-input":{"@type":"PropertyValueSpecification","valueRequired":true,"valueName":"search_term_string"}}],"inLanguage":"nl-NL"},{"@type":"Organization","@id":"https:\/\/abarte.nl\/ls\/#organization","name":"Abarte","alternateName":"Abarte Kunst en Liturgie","url":"https:\/\/abarte.nl\/ls\/","logo":{"@type":"ImageObject","inLanguage":"nl-NL","@id":"https:\/\/abarte.nl\/ls\/#\/schema\/logo\/image\/","url":"https:\/\/i0.wp.com\/abarte.nl\/wp-content\/uploads\/AbArteLogoTransPlus.jpg?fit=2500%2C1667&ssl=1","contentUrl":"https:\/\/i0.wp.com\/abarte.nl\/wp-content\/uploads\/AbArteLogoTransPlus.jpg?fit=2500%2C1667&ssl=1","width":2500,"height":1667,"caption":"Abarte"},"image":{"@id":"https:\/\/abarte.nl\/ls\/#\/schema\/logo\/image\/"},"sameAs":["https:\/\/www.facebook.com\/klaasholwerda\/","https:\/\/www.linkedin.com\/in\/klaasholwerda\/"]}]}},"_links":{"self":[{"href":"https:\/\/abarte.nl\/ls\/wp-json\/wp\/v2\/pages\/1540","targetHints":{"allow":["GET"]}}],"collection":[{"href":"https:\/\/abarte.nl\/ls\/wp-json\/wp\/v2\/pages"}],"about":[{"href":"https:\/\/abarte.nl\/ls\/wp-json\/wp\/v2\/types\/page"}],"author":[{"embeddable":true,"href":"https:\/\/abarte.nl\/ls\/wp-json\/wp\/v2\/users\/4"}],"replies":[{"embeddable":true,"href":"https:\/\/abarte.nl\/ls\/wp-json\/wp\/v2\/comments?post=1540"}],"version-history":[{"count":2,"href":"https:\/\/abarte.nl\/ls\/wp-json\/wp\/v2\/pages\/1540\/revisions"}],"predecessor-version":[{"id":1543,"href":"https:\/\/abarte.nl\/ls\/wp-json\/wp\/v2\/pages\/1540\/revisions\/1543"}],"wp:attachment":[{"href":"https:\/\/abarte.nl\/ls\/wp-json\/wp\/v2\/media?parent=1540"}],"curies":[{"name":"wp","href":"https:\/\/api.w.org\/{rel}","templated":true}]}}